{"id":3,"date":"2020-12-11T23:02:17","date_gmt":"2020-12-11T23:02:17","guid":{"rendered":"https:\/\/arganoilsoap.ma\/?page_id=3"},"modified":"2020-12-16T13:38:27","modified_gmt":"2020-12-16T13:38:27","slug":"privacy-policy","status":"publish","type":"page","link":"https:\/\/arganoilsoap.ma\/ar\/privacy-policy\/","title":{"rendered":"conditions-generales-de-vente"},"content":{"rendered":"<p>Les conditions g\u00e9n\u00e9rales de vente suivantes r\u00e9gissent l\u2019ensemble des transactions \u00e9tablies sur le catalogue web de ARGANOILSOAP.MA Toute commande pass\u00e9e sur ce site suppose du client son acceptation inconditionnelle et irr\u00e9vocable de ces conditions.<\/p>\n<p>Le pr\u00e9sent contrat est un contrat \u00e0 distance qui a pour objet de d\u00e9finir les droits et obligations des parties dans le cadre de la vente des produits de la soci\u00e9t\u00e9 Perles of morocco, sur Internet, par l\u2019interm\u00e9diaire de la plate-forme ARGANOILSOAP.MA.<\/p>\n<p><br \/>La soci\u00e9t\u00e9 Perles of morocco S.A.R.L. AU Soci\u00e9t\u00e9 \u00e0 responsabilit\u00e9 limit\u00e9e au capital de 100.000 dirhams , le CLIENT reconnaissant express\u00e9ment avoir pris connaissance des CGV avant confirmation de la premi\u00e8re commande sur le Site et que toute relation avec ARGANOILSOAP.MA au titre des pr\u00e9sentes sera exclusivement r\u00e9gie par les CGV, d\u00e8s la premi\u00e8re commande et pour l\u2019ensemble des commandes successives effectu\u00e9es par le CLIENT sur le Site.<\/p>\n<p>\u00a0<\/p>\n<p><strong>1- LIVRAISON \/ D\u00c9LIVRANCE<\/strong><br \/>\u00a0D\u00e9lai de mise en exp\u00e9dition et de livraison<br \/>Le d\u00e9lai de mise en exp\u00e9dition et de livraison d\u2019une commande correspond \u00e0 un d\u00e9lai indicatif \u00e0 compter du jour suivant celui de la validation par le CLIENT de sa commande. En aucun cas il ne pourra \u00eatre opposable, mais en cas de retard inhabituel, un courrier \u00e9lectronique sera adress\u00e9 au CLIENT. Avant de valider sa commande, le CLIENT prend connaissance du d\u00e9lai pr\u00e9visionnel d\u2019exp\u00e9dition et de livraison. Suite \u00e0 l\u2019exp\u00e9dition de la commande, le CLIENT recevra un e-mail lui pr\u00e9cisant le num\u00e9ro de suivi de son colis, le CLIENT peut ainsi suivre la tra\u00e7abilit\u00e9 de son colis. En cas de retard, aucune indemnit\u00e9 compensatoire ne pourra \u00eatre exig\u00e9e par le client. ARGANOILSOAP.MA s\u2019engage \u00e0 exp\u00e9dier la commande \u00e0 l\u2019int\u00e9rieur du d\u00e9lai pr\u00e9visionnel affich\u00e9 lors de l\u2019enregistrement de la commande. En cas d\u2019indisponibilit\u00e9 d\u2019un article apr\u00e8s passation de la commande, due \u00e0 un probl\u00e8me de transport ou un \u00e9cart de stock, le CLIENT en sera inform\u00e9 par courrier \u00e9lectronique d\u00e8s r\u00e9ception des informations communiqu\u00e9es par le d\u00e9partement logistique. L\u2019annulation de l\u2019article indisponible et son remboursement seront alors effectu\u00e9s, le reste de la commande restant ferme et d\u00e9finitif. ARGANOILSOAP.MA n\u2019est pas en mesure de regrouper plusieurs commandes non exp\u00e9di\u00e9es.<br \/><strong>2- Retour<\/strong><br \/>Sauf dispositions contraires d\u00e9fectueux, manquant ou non conforme des pr\u00e9sentes, aucun retour n\u2019est possible dans le cadre des achats effectu\u00e9s sur le site ARGANOILSOAP.MA.<\/p>\n<p>\u00a0<\/p>\n<p><strong>3- Balises Web<\/strong><br \/>Certaines pages web du Site peuvent parfois contenir des images \u00e9lectroniques ou \u201d balises web \u201c, qui permettent de compter le nombre de visiteurs de la page. Ces balises web peuvent \u00eatre utilis\u00e9es avec certains de nos partenaires, notamment afin de mesurer et am\u00e9liorer l\u2019efficacit\u00e9 de certaines publicit\u00e9s. En tout \u00e9tat de cause, les renseignements obtenus via ces balises sont strictement anonymes et permettent simplement de rassembler des statistiques sur la fr\u00e9quentation de certaines pages du Site et ce, afin de mieux servir les utilisateurs du Site.<\/p>\n<p>\u00a0<\/p>\n<p><strong>4- Cookies<\/strong><br \/>Les seuls cookies que ARGANOILSOAP.MA cr\u00e9ent sont ceux de la session qui seront effac\u00e9s lors de la d\u00e9connexion au Site.<\/p>\n<p>\u00a0<\/p>\n<p><strong>5- Avertissement<\/strong><\/p>\n<p>Les ARGANOILSOAP.MA produits sont fabriqu\u00e9s avec des ingr\u00e9dients d&rsquo;origine naturelle, ce qui, dans de rares cas, peut provoquer une sensibilit\u00e9 chez certaines personnes. En cas de sensibilit\u00e9, cessez imm\u00e9diatement l&rsquo;utilisation.<\/p>\n<p>Si vous n&rsquo;\u00eates pas s\u00fbr de la sensibilit\u00e9 possible, effectuez toujours un test \u00e9picutan\u00e9 avant utilisation ou consultez votre professionnel de la sant\u00e9.<\/p>\n<p>Les produits et conseils de ARGANOILSOAP.MA ne pr\u00e9tendent pas gu\u00e9rir ou pr\u00e9venir une maladie ou un probl\u00e8me m\u00e9dical et ne sont pas destin\u00e9s \u00e0 remplacer une autre th\u00e9rapie ou un avis m\u00e9dical.<\/p>\n<p>En cas de grossesse, veuillez consulter votre professionnel de la sant\u00e9.<\/p>","protected":false},"excerpt":{"rendered":"","protected":false},"author":1,"featured_media":0,"parent":0,"menu_order":0,"comment_status":"closed","ping_status":"open","template":"","meta":{"footnotes":""},"class_list":["post-3","page","type-page","status-publish","hentry"],"yoast_head":"<!-- This site is optimized with the Yoast SEO plugin v27.6 - https:\/\/yoast.com\/product\/yoast-seo-wordpress\/ -->\n<title>conditions-generales-de-vente - Argan Oil Soap<\/title>\n<meta name=\"robots\" content=\"index, follow, max-snippet:-1, max-image-preview:large, max-video-preview:-1\" \/>\n<link rel=\"canonical\" href=\"https:\/\/arganoilsoap.ma\/ar\/privacy-policy\/\" \/>\n<meta property=\"og:locale\" content=\"ar_AR\" \/>\n<meta property=\"og:type\" content=\"article\" \/>\n<meta property=\"og:title\" content=\"conditions-generales-de-vente - Argan Oil Soap\" \/>\n<meta property=\"og:url\" content=\"https:\/\/arganoilsoap.ma\/ar\/privacy-policy\/\" \/>\n<meta property=\"og:site_name\" content=\"Argan Oil Soap\" \/>\n<meta property=\"article:publisher\" content=\"https:\/\/www.facebook.com\/arganoilsoapmorocco\" \/>\n<meta property=\"article:modified_time\" content=\"2020-12-16T13:38:27+00:00\" \/>\n<meta name=\"twitter:card\" content=\"summary_large_image\" \/>\n<meta name=\"twitter:label1\" content=\"Est. reading time\" \/>\n\t<meta name=\"twitter:data1\" content=\"3 minutes\" \/>\n<script type=\"application\/ld+json\" class=\"yoast-schema-graph\">{\"@context\":\"https:\\\/\\\/schema.org\",\"@graph\":[{\"@type\":\"WebPage\",\"@id\":\"https:\\\/\\\/arganoilsoap.ma\\\/privacy-policy\\\/\",\"url\":\"https:\\\/\\\/arganoilsoap.ma\\\/privacy-policy\\\/\",\"name\":\"conditions-generales-de-vente - Argan Oil Soap\",\"isPartOf\":{\"@id\":\"https:\\\/\\\/arganoilsoap.ma\\\/#website\"},\"datePublished\":\"2020-12-11T23:02:17+00:00\",\"dateModified\":\"2020-12-16T13:38:27+00:00\",\"breadcrumb\":{\"@id\":\"https:\\\/\\\/arganoilsoap.ma\\\/privacy-policy\\\/#breadcrumb\"},\"inLanguage\":\"ary\",\"potentialAction\":[{\"@type\":\"ReadAction\",\"target\":[\"https:\\\/\\\/arganoilsoap.ma\\\/privacy-policy\\\/\"]}]},{\"@type\":\"BreadcrumbList\",\"@id\":\"https:\\\/\\\/arganoilsoap.ma\\\/privacy-policy\\\/#breadcrumb\",\"itemListElement\":[{\"@type\":\"ListItem\",\"position\":1,\"name\":\"Accueil\",\"item\":\"https:\\\/\\\/arganoilsoap.ma\\\/\"},{\"@type\":\"ListItem\",\"position\":2,\"name\":\"conditions-generales-de-vente\"}]},{\"@type\":\"WebSite\",\"@id\":\"https:\\\/\\\/arganoilsoap.ma\\\/#website\",\"url\":\"https:\\\/\\\/arganoilsoap.ma\\\/\",\"name\":\"Argan Oil Soap\",\"description\":\"Cosmetique Huile D&#039;argan Pure\",\"publisher\":{\"@id\":\"https:\\\/\\\/arganoilsoap.ma\\\/#organization\"},\"potentialAction\":[{\"@type\":\"SearchAction\",\"target\":{\"@type\":\"EntryPoint\",\"urlTemplate\":\"https:\\\/\\\/arganoilsoap.ma\\\/?s={search_term_string}\"},\"query-input\":{\"@type\":\"PropertyValueSpecification\",\"valueRequired\":true,\"valueName\":\"search_term_string\"}}],\"inLanguage\":\"ary\"},{\"@type\":\"Organization\",\"@id\":\"https:\\\/\\\/arganoilsoap.ma\\\/#organization\",\"name\":\"Argan Oil Soap\",\"url\":\"https:\\\/\\\/arganoilsoap.ma\\\/\",\"logo\":{\"@type\":\"ImageObject\",\"inLanguage\":\"ary\",\"@id\":\"https:\\\/\\\/arganoilsoap.ma\\\/#\\\/schema\\\/logo\\\/image\\\/\",\"url\":\"https:\\\/\\\/arganoilsoap.ma\\\/wp-content\\\/uploads\\\/2020\\\/12\\\/cropped-small-logo.png\",\"contentUrl\":\"https:\\\/\\\/arganoilsoap.ma\\\/wp-content\\\/uploads\\\/2020\\\/12\\\/cropped-small-logo.png\",\"width\":512,\"height\":512,\"caption\":\"Argan Oil Soap\"},\"image\":{\"@id\":\"https:\\\/\\\/arganoilsoap.ma\\\/#\\\/schema\\\/logo\\\/image\\\/\"},\"sameAs\":[\"https:\\\/\\\/www.facebook.com\\\/arganoilsoapmorocco\",\"https:\\\/\\\/www.instagram.com\\\/arganoilsoap\\\/\"]}]}<\/script>\n<!-- \/ Yoast SEO plugin. -->","yoast_head_json":{"title":"conditions-generales-de-vente - Argan Oil Soap","robots":{"index":"index","follow":"follow","max-snippet":"max-snippet:-1","max-image-preview":"max-image-preview:large","max-video-preview":"max-video-preview:-1"},"canonical":"https:\/\/arganoilsoap.ma\/ar\/privacy-policy\/","og_locale":"ar_AR","og_type":"article","og_title":"conditions-generales-de-vente - Argan Oil Soap","og_url":"https:\/\/arganoilsoap.ma\/ar\/privacy-policy\/","og_site_name":"Argan Oil Soap","article_publisher":"https:\/\/www.facebook.com\/arganoilsoapmorocco","article_modified_time":"2020-12-16T13:38:27+00:00","twitter_card":"summary_large_image","twitter_misc":{"Est. reading time":"3 minutes"},"schema":{"@context":"https:\/\/schema.org","@graph":[{"@type":"WebPage","@id":"https:\/\/arganoilsoap.ma\/privacy-policy\/","url":"https:\/\/arganoilsoap.ma\/privacy-policy\/","name":"conditions-generales-de-vente - Argan Oil Soap","isPartOf":{"@id":"https:\/\/arganoilsoap.ma\/#website"},"datePublished":"2020-12-11T23:02:17+00:00","dateModified":"2020-12-16T13:38:27+00:00","breadcrumb":{"@id":"https:\/\/arganoilsoap.ma\/privacy-policy\/#breadcrumb"},"inLanguage":"ary","potentialAction":[{"@type":"ReadAction","target":["https:\/\/arganoilsoap.ma\/privacy-policy\/"]}]},{"@type":"BreadcrumbList","@id":"https:\/\/arganoilsoap.ma\/privacy-policy\/#breadcrumb","itemListElement":[{"@type":"ListItem","position":1,"name":"Accueil","item":"https:\/\/arganoilsoap.ma\/"},{"@type":"ListItem","position":2,"name":"conditions-generales-de-vente"}]},{"@type":"WebSite","@id":"https:\/\/arganoilsoap.ma\/#website","url":"https:\/\/arganoilsoap.ma\/","name":"Argan Oil Soap","description":"Cosmetique Huile D&#039;argan Pure","publisher":{"@id":"https:\/\/arganoilsoap.ma\/#organization"},"potentialAction":[{"@type":"SearchAction","target":{"@type":"EntryPoint","urlTemplate":"https:\/\/arganoilsoap.ma\/?s={search_term_string}"},"query-input":{"@type":"PropertyValueSpecification","valueRequired":true,"valueName":"search_term_string"}}],"inLanguage":"ary"},{"@type":"Organization","@id":"https:\/\/arganoilsoap.ma\/#organization","name":"Argan Oil Soap","url":"https:\/\/arganoilsoap.ma\/","logo":{"@type":"ImageObject","inLanguage":"ary","@id":"https:\/\/arganoilsoap.ma\/#\/schema\/logo\/image\/","url":"https:\/\/arganoilsoap.ma\/wp-content\/uploads\/2020\/12\/cropped-small-logo.png","contentUrl":"https:\/\/arganoilsoap.ma\/wp-content\/uploads\/2020\/12\/cropped-small-logo.png","width":512,"height":512,"caption":"Argan Oil Soap"},"image":{"@id":"https:\/\/arganoilsoap.ma\/#\/schema\/logo\/image\/"},"sameAs":["https:\/\/www.facebook.com\/arganoilsoapmorocco","https:\/\/www.instagram.com\/arganoilsoap\/"]}]}},"_links":{"self":[{"href":"https:\/\/arganoilsoap.ma\/ar\/wp-json\/wp\/v2\/pages\/3","targetHints":{"allow":["GET"]}}],"collection":[{"href":"https:\/\/arganoilsoap.ma\/ar\/wp-json\/wp\/v2\/pages"}],"about":[{"href":"https:\/\/arganoilsoap.ma\/ar\/wp-json\/wp\/v2\/types\/page"}],"author":[{"embeddable":true,"href":"https:\/\/arganoilsoap.ma\/ar\/wp-json\/wp\/v2\/users\/1"}],"replies":[{"embeddable":true,"href":"https:\/\/arganoilsoap.ma\/ar\/wp-json\/wp\/v2\/comments?post=3"}],"version-history":[{"count":2,"href":"https:\/\/arganoilsoap.ma\/ar\/wp-json\/wp\/v2\/pages\/3\/revisions"}],"predecessor-version":[{"id":206,"href":"https:\/\/arganoilsoap.ma\/ar\/wp-json\/wp\/v2\/pages\/3\/revisions\/206"}],"wp:attachment":[{"href":"https:\/\/arganoilsoap.ma\/ar\/wp-json\/wp\/v2\/media?parent=3"}],"curies":[{"name":"wp","href":"https:\/\/api.w.org\/{rel}","templated":true}]}}