{"id":313,"date":"2021-01-26T10:31:27","date_gmt":"2021-01-26T10:31:27","guid":{"rendered":"https:\/\/arganoilsoap.ma\/?post_type=product&#038;p=313"},"modified":"2021-03-06T16:28:26","modified_gmt":"2021-03-06T16:28:26","slug":"une-bar-de-savon-huile-dargan-100-bio","status":"publish","type":"product","link":"https:\/\/arganoilsoap.ma\/ar\/product\/une-bar-de-savon-huile-dargan-100-bio\/","title":{"rendered":"\u0635\u0627\u0628\u0648\u0646 \u0632\u064a\u062a \u0627\u0644\u0623\u0631\u063a\u0627\u0646 \u0627\u0644\u0637\u0628\u064a\u0639\u064a 100\u066a"},"content":{"rendered":"<p>\u0627\u063a\u0633\u0644 \u0648\u062c\u0647\u0643 \u0628\u0623\u0641\u0636\u0644 \u0635\u0627\u0628\u0648\u0646 \u0637\u0628\u064a\u0639\u064a \u0628\u0632\u064a\u062a \u0627\u0644\u0623\u0631\u063a\u0627\u0646 \u0627\u0644\u0645\u063a\u0631\u0628\u064a \u0639\u0644\u064a\u0647 \u0648\u062a\u062c\u0646\u0628 \u0643\u0644 \u062a\u0644\u0643 \u0627\u0644\u0645\u0648\u0627\u062f \u0627\u0644\u0643\u064a\u0645\u064a\u0627\u0626\u064a\u0629 \u0627\u0644\u0633\u064a\u0626\u0629 \u0627\u0644\u0645\u0648\u062c\u0648\u062f\u0629 \u0641\u064a \u0627\u0644\u0639\u062f\u064a\u062f \u0645\u0646 \u0627\u0644\u0645\u0646\u062a\u062c\u0627\u062a \u0627\u0644\u0645\u0635\u0645\u0645\u0629 \u0644\u0644\u062c\u0633\u0645.<\/p>\n<p>\u063a\u0646\u064a \u0628\u0641\u064a\u062a\u0627\u0645\u064a\u0646 E \u060c \u0623\u0648\u0645\u064a\u063a\u0627 6 \u0648\u0645\u0636\u0627\u062f\u0627\u062a \u0627\u0644\u0623\u0643\u0633\u062f\u0629 \u060c \u064a\u0645\u0643\u0646 \u0627\u0633\u062a\u062e\u062f\u0627\u0645 \u0635\u0627\u0628\u0648\u0646 \u0627\u0644\u0623\u0631\u062c\u0627\u0646 \u0643\u0635\u0627\u0628\u0648\u0646 \u0645\u0631\u0637\u0628 \u0648\u0639\u0644\u0627\u062c \u0645\u063a\u0630\u064a \u0644\u0644\u0648\u062c\u0647.<\/p>\n<h2 style=\"text-align: center;\" class=\"translation-block\"><span style=\"background-color: # ffff00\u061b\"> \u0644\u0627 \u064a\u062d\u062a\u0648\u064a \u0639\u0644\u0649 <strong> \u0623\u0635\u0628\u0627\u063a <\/strong> \u0648\u0644\u0627 \u0639\u0644\u0649 <strong> \u0645\u0648\u0627\u062f \u062d\u0627\u0641\u0638\u0629 <\/strong> \u0648\u0644\u0627 \u0639\u0644\u0649 <strong> \u0645\u0648\u0627\u062f \u0643\u064a\u0645\u064a\u0627\u0626\u064a\u0629 <\/strong>. <\/span><\/h2>\n<p class=\"translation-block\">\u0635\u0627\u0628\u0648\u0646 \u0627\u0644\u0623\u0631\u063a\u0627\u0646 \u0627\u0644\u0639\u0636\u0648\u064a \u0647\u0630\u0627 \u064a\u0646\u0638\u0641 \u0648\u064a\u063a\u0630\u064a \u0628\u0634\u0631\u062a\u0643 \u0645\u0639 \u0627\u062d\u062a\u0631\u0627\u0645 \u063a\u0634\u0627\u0621\u0647 \u0627\u0644\u0647\u064a\u062f\u0631\u0648\u0644\u064a\u0628\u064a\u062f\u064a \u060c \u0648\u064a\u0635\u0644\u062d \u0648\u064a\u0646\u0639\u0645 \u0648 <strong> \u064a\u0646\u0642\u064a \u0627\u0644\u0628\u0634\u0631\u0629<\/strong>.<\/p>\n<p>\u062a\u0635\u0628\u0646 \u0639\u0644\u0649 \u0627\u0644\u0628\u0627\u0631\u062f \u0645\u0646 \u0645\u0632\u064a\u062c \u0645\u0646 \u0627\u0644\u0632\u064a\u0648\u062a \u0627\u0644\u0646\u0628\u0627\u062a\u064a\u0629 \u0627\u0644\u0637\u0628\u064a\u0639\u064a\u0629 \u0644\u0644\u0628\u0634\u0631\u0629 \u0627\u0644\u062c\u0627\u0641\u0629 \u0648\u062d\u0633\u0627\u0633\u0629.<\/p>\n<p>&nbsp;<\/p>\n<h3 style=\"text-align: center;\"><strong>\u0641\u0648\u0627\u0626\u062f \u0635\u0627\u0628\u0648\u0646 \u0627\u0644\u0623\u0631\u062c\u0627\u0646 \u0627\u0644\u0637\u0628\u064a\u0639\u064a:<\/strong><\/h3>\n<p style=\"text-align: center;\">\u0645\u0636\u0627\u062f \u0644\u0644\u0634\u064a\u062e\u0648\u062e\u0629<\/p>\n<p style=\"text-align: center;\">\u062a\u0642\u0644\u064a\u0644 \u0627\u0644\u0647\u0627\u0644\u0627\u062a \u0627\u0644\u0633\u0648\u062f\u0627\u0621<\/p>\n<p style=\"text-align: center;\">\u064a\u062d\u0645\u064a \u0645\u0646 \u0623\u0636\u0631\u0627\u0631 \u0623\u0634\u0639\u0629 \u0627\u0644\u0634\u0645\u0633<\/p>\n<p style=\"text-align: center;\">\u064a\u0645\u0646\u0639 \u062d\u0628 \u0627\u0644\u0634\u0628\u0627\u0628 \u0648\u0627\u0644\u0628\u062b\u0648\u0631<\/p>\n<p style=\"text-align: center;\">\u0639\u0627\u0644\u062c \u0627\u0644\u062a\u0647\u0627\u0628\u0627\u062a \u0627\u0644\u062c\u0644\u062f<\/p>\n<p style=\"text-align: center;\">\u0645\u0631\u0637\u0628 \u0644\u0644\u062c\u0633\u0645 \u0643\u0644\u0647<\/p>\n<p style=\"text-align: center;\">\u0646\u062a\u0648\u0621\u0627\u062a \u0648\u062d\u0631\u0648\u0642 \u0627\u0644\u062d\u0644\u0627\u0642\u0629<\/p>\n<p style=\"text-align: center;\">\u0642\u062f\u0645 \u0648\u0643\u0639\u0628 \u062c\u0627\u0641<\/p>\n<p style=\"text-align: center;\">\u0645\u0631\u0637\u0628 \u0644\u0644\u0634\u0641\u0627\u0647<\/p>\n<p style=\"text-align: center;\">\u0627\u0644\u0639\u0646\u0627\u064a\u0629 \u0628\u0627\u0644\u0623\u0638\u0627\u0641\u0631<\/p>\n<p style=\"text-align: center;\">\u0625\u0632\u0627\u0644\u0629 \u0639\u0644\u0627\u0645\u0627\u062a \u062a\u0645\u062f\u062f \u0627\u0644\u062d\u0645\u0644.<\/p>\n<p style=\"text-align: center;\">\u0627\u0644\u0648\u0642\u0627\u064a\u0629 \u0645\u0646 \u0633\u0631\u0637\u0627\u0646 \u0627\u0644\u062c\u0644\u062f<\/p>\n<p><img loading=\"lazy\" decoding=\"async\" class=\"size-medium wp-image-199 aligncenter\" src=\"https:\/\/arganoilsoap.ma\/wp-content\/uploads\/2020\/12\/pimples-and-acne-on-woman-face-before-and-after-267x400.jpg\" alt=\"resulta effet du savon a base de huile d'argan\" width=\"267\" height=\"400\" srcset=\"https:\/\/arganoilsoap.ma\/wp-content\/uploads\/2020\/12\/pimples-and-acne-on-woman-face-before-and-after-267x400.jpg 267w, https:\/\/arganoilsoap.ma\/wp-content\/uploads\/2020\/12\/pimples-and-acne-on-woman-face-before-and-after-scaled-600x900.jpg 600w, https:\/\/arganoilsoap.ma\/wp-content\/uploads\/2020\/12\/pimples-and-acne-on-woman-face-before-and-after-533x800.jpg 533w, https:\/\/arganoilsoap.ma\/wp-content\/uploads\/2020\/12\/pimples-and-acne-on-woman-face-before-and-after-768x1152.jpg 768w, https:\/\/arganoilsoap.ma\/wp-content\/uploads\/2020\/12\/pimples-and-acne-on-woman-face-before-and-after-1024x1536.jpg 1024w, https:\/\/arganoilsoap.ma\/wp-content\/uploads\/2020\/12\/pimples-and-acne-on-woman-face-before-and-after-1365x2048.jpg 1365w, https:\/\/arganoilsoap.ma\/wp-content\/uploads\/2020\/12\/pimples-and-acne-on-woman-face-before-and-after-scaled.jpg 1707w\" sizes=\"auto, (max-width: 267px) 100vw, 267px\" \/><\/p>\n<h3 style=\"text-align: center;\"><strong>\u0647\u0630\u0627 \u0627\u0644\u0635\u0627\u0628\u0648\u0646 \u0627\u0644\u0645\u0639\u062c\u0632\u0629 \u0628\u0632\u064a\u062a \u0627\u0644\u0623\u0631\u063a\u0627\u0646 \u0633\u064a\u063a\u064a\u0631 \u0637\u0631\u064a\u0642\u0629 \u0639\u064a\u0634\u0643.<\/strong><\/h3>\n<p class=\"translation-block\"><span class=\"JLqJ4b ChMk0b\" data-language-for-options=\"fr\" data-language-to-translate-into=\"en\"> \u0645\u0646\u0627\u0633\u0628 \u0644\u0644\u062c\u0633\u0645 \u0648\u0627\u0644\u064a\u062f\u064a\u0646 \u0648\u0627\u0644\u0648\u062c\u0647 \u0648 \u0627\u0644\u0634\u0639\u0631. <\/span> <span class=\"JLqJ4b ChMk0b\" data-language-for-options=\"en\" data-language-to-translate-into=\"en\"> \u0639\u0644\u0627\u062c \u0644\u0637\u064a\u0641 \u0644\u0644\u0648\u062c\u0647 \u060c \u0627\u0641\u0631\u0643 \u0627\u0644\u0635\u0627\u0628\u0648\u0646 \u0628\u064a\u0646 \u0627\u0644\u064a\u062f\u064a\u0646 \u0648\u062f\u0644\u0643\u0647 \u0639\u0644\u0649 \u0627\u0644\u062c\u0644\u062f. <\/span> <span class=\"JLqJ4b ChMk0b\" data-language-for-options=\"en\" data-language-to> \u0627\u0633\u062a\u062e\u062f\u0645\u0647 \u0643\u0644\u0645\u0627 \u062f\u0639\u062a \u0627\u0644\u062d\u0627\u062c\u0629. <\/span><\/p>\n<p class=\"translation-block\">\u0632\u064a\u062a \u0627\u0644\u0623\u0631\u063a\u0627\u0646 \u0644\u0647\u0627 \u0641\u0648\u0627\u0626\u062f \u0642\u0648\u064a . \u0644\u0647\u0627 \u062a\u0623\u062b\u064a\u0631 \u0642\u0648\u064a\u0629 \u0639\u0644\u0649 \u0628\u0634\u0631\u0629 \u0628\u0641\u0636\u0644 \u0627\u0644\u0639\u062f\u064a\u062f \u0645\u0646 \u0627\u0644\u062e\u0635\u0627\u0626\u0635 \u0627\u0644\u0639\u0644\u0627\u062c\u064a\u0629 \u0648\u0627\u0644\u0641\u064a\u062a\u0627\u0645\u064a\u0646\u0627\u062a \u0627\u0644\u062a\u064a \u062a\u062d\u062a\u0648\u064a \u0639\u0644\u064a\u0647\u0627.<\/p>\n<p>&nbsp;<\/p>\n<p class=\"translation-block\"><strong> \u0627\u0644\u062a\u0631\u0643\u064a\u0628 <\/strong>: \u0627\u0644\u062c\u0644\u0633\u0631\u064a\u0646 <strong> <\/strong> \u0637\u0628\u064a\u0639\u064a \u060c \u0645\u0627\u0621\u060c <a href=\"https:\/\/arganoilsoap.ma\/ar\/product\/huile-argan-cosmetique-bio-100-pure\/\" target=\"_ self\"> \u0632\u064a\u062a \u0623\u0631\u0643\u0627\u0646 \u0637\u0628\u064a\u0639\u064a<\/a> \u060c \u0632\u064a\u062a \u0632\u064a\u062a\u0648\u0646 \u060c \u0632\u064a\u062a \u062c\u0648\u0632 \u0627\u0644\u0647\u0646\u062f \u060c \u0632\u064a\u062a \u0644\u0648\u0632.<\/p>\n<p class=\"translation-block\"><strong> <strong> 3 \u0623\u0646\u0648\u0627\u0639 \u0645\u0646 \u0627\u0644\u0639\u0637\u0631: <strong> \u0632\u0647\u0631 \u0627\u0644\u0628\u0631\u062a\u0642\u0627\u0644 \u060c \u0644\u0648\u064a\u0632\u0629 \u060c \u0627\u0644\u0648\u0631\u062f. <\/strong> <\/strong><\/p>\n<p><strong>\u0627\u0644\u0627\u0633\u062a\u062e\u062f\u0627\u0645 \u0627\u0644\u064a\u0648\u0645\u064a \u0644\u062c\u0645\u064a\u0639 \u0623\u0646\u0648\u0627\u0639 \u0627\u0644\u0628\u0634\u0631\u0629.<\/strong><\/p>\n<p>Marque : <a href=\"http:\/\/www.arganoilsoap.com\">www.arganoilsoap.com<\/a><\/p>\n<p>\u0635\u0646\u0639 \u0641\u064a \u0627\u0644\u0645\u063a\u0631\u0628<\/p>","protected":false},"excerpt":{"rendered":"<h3 style=\"text-align: center;\"><strong>\u0635\u0627\u0628\u0648\u0646 \u064a\u062f\u0648\u064a \u0627\u0644\u0635\u0646\u0639.<\/strong><\/h3>","protected":false},"featured_media":314,"comment_status":"open","ping_status":"closed","template":"","meta":[],"product_brand":[],"product_cat":[88,71,84,87],"product_tag":[83,80,82,79,81],"class_list":{"0":"post-313","1":"product","2":"type-product","3":"status-publish","4":"has-post-thumbnail","6":"product_cat-corp","7":"product_cat-huile-dargan","8":"product_cat-savon","9":"product_cat-visage","10":"product_tag-antioxydants","11":"product_tag-bio","12":"product_tag-omega-6","13":"product_tag-savon-huile-dargan","14":"product_tag-vitamine-e","16":"first","17":"outofstock","18":"shipping-taxable","19":"purchasable","20":"product-type-simple"},"yoast_head":"<!-- This site is optimized with the Yoast SEO plugin v27.6 - https:\/\/yoast.com\/product\/yoast-seo-wordpress\/ -->\n<title>Savon Huile d&#039;Argan 100% Bio Fabrication Artisanale Savon a froid,<\/title>\n<meta name=\"description\" content=\"Ce Savon \u00e0 base de huile d&#039;argan peut \u00eatre utilis\u00e9 comme un savon hydratant, et un soin du visage nourrissant. Extr\u00eamement Riche en vitamine\" \/>\n<meta name=\"robots\" content=\"index, follow, max-snippet:-1, max-image-preview:large, max-video-preview:-1\" \/>\n<link rel=\"canonical\" href=\"https:\/\/arganoilsoap.ma\/ar\/product\/une-bar-de-savon-huile-dargan-100-bio\/\" \/>\n<meta property=\"og:locale\" content=\"ar_AR\" \/>\n<meta property=\"og:type\" content=\"article\" \/>\n<meta property=\"og:title\" content=\"Savon Huile d&#039;Argan 100% Bio Fabrication Artisanale Savon a froid,\" \/>\n<meta property=\"og:description\" content=\"Ce Savon \u00e0 base de huile d&#039;argan peut \u00eatre utilis\u00e9 comme un savon hydratant, et un soin du visage nourrissant. Extr\u00eamement Riche en vitamine\" \/>\n<meta property=\"og:url\" content=\"https:\/\/arganoilsoap.ma\/ar\/product\/une-bar-de-savon-huile-dargan-100-bio\/\" \/>\n<meta property=\"og:site_name\" content=\"Argan Oil Soap\" \/>\n<meta property=\"article:publisher\" content=\"https:\/\/www.facebook.com\/arganoilsoapmorocco\" \/>\n<meta property=\"article:modified_time\" content=\"2021-03-06T16:28:26+00:00\" \/>\n<meta property=\"og:image\" content=\"https:\/\/arganoilsoap.ma\/wp-content\/uploads\/2021\/01\/Copie-de-soap-1-min-scaled.jpg\" \/>\n\t<meta property=\"og:image:width\" content=\"2432\" \/>\n\t<meta property=\"og:image:height\" content=\"2560\" \/>\n\t<meta property=\"og:image:type\" content=\"image\/jpeg\" \/>\n<meta name=\"twitter:card\" content=\"summary_large_image\" \/>\n<meta name=\"twitter:label1\" content=\"Est. reading time\" \/>\n\t<meta name=\"twitter:data1\" content=\"2 minutes\" \/>\n<script type=\"application\/ld+json\" class=\"yoast-schema-graph\">{\"@context\":\"https:\\\/\\\/schema.org\",\"@graph\":[{\"@type\":\"WebPage\",\"@id\":\"https:\\\/\\\/arganoilsoap.ma\\\/ar\\\/product\\\/une-bar-de-savon-huile-dargan-100-bio\\\/\",\"url\":\"https:\\\/\\\/arganoilsoap.ma\\\/ar\\\/product\\\/une-bar-de-savon-huile-dargan-100-bio\\\/\",\"name\":\"Savon Huile d'Argan 100% Bio Fabrication Artisanale Savon a froid,\",\"isPartOf\":{\"@id\":\"https:\\\/\\\/arganoilsoap.ma\\\/#website\"},\"primaryImageOfPage\":{\"@id\":\"https:\\\/\\\/arganoilsoap.ma\\\/ar\\\/product\\\/une-bar-de-savon-huile-dargan-100-bio\\\/#primaryimage\"},\"image\":{\"@id\":\"https:\\\/\\\/arganoilsoap.ma\\\/ar\\\/product\\\/une-bar-de-savon-huile-dargan-100-bio\\\/#primaryimage\"},\"thumbnailUrl\":\"https:\\\/\\\/arganoilsoap.ma\\\/wp-content\\\/uploads\\\/2021\\\/01\\\/Copie-de-soap-1-min-scaled.jpg\",\"datePublished\":\"2021-01-26T10:31:27+00:00\",\"dateModified\":\"2021-03-06T16:28:26+00:00\",\"description\":\"Ce Savon \u00e0 base de huile d'argan peut \u00eatre utilis\u00e9 comme un savon hydratant, et un soin du visage nourrissant. Extr\u00eamement Riche en vitamine\",\"breadcrumb\":{\"@id\":\"https:\\\/\\\/arganoilsoap.ma\\\/ar\\\/product\\\/une-bar-de-savon-huile-dargan-100-bio\\\/#breadcrumb\"},\"inLanguage\":\"ary\",\"potentialAction\":[{\"@type\":\"ReadAction\",\"target\":[\"https:\\\/\\\/arganoilsoap.ma\\\/ar\\\/product\\\/une-bar-de-savon-huile-dargan-100-bio\\\/\"]}]},{\"@type\":\"ImageObject\",\"inLanguage\":\"ary\",\"@id\":\"https:\\\/\\\/arganoilsoap.ma\\\/ar\\\/product\\\/une-bar-de-savon-huile-dargan-100-bio\\\/#primaryimage\",\"url\":\"https:\\\/\\\/arganoilsoap.ma\\\/wp-content\\\/uploads\\\/2021\\\/01\\\/Copie-de-soap-1-min-scaled.jpg\",\"contentUrl\":\"https:\\\/\\\/arganoilsoap.ma\\\/wp-content\\\/uploads\\\/2021\\\/01\\\/Copie-de-soap-1-min-scaled.jpg\",\"width\":2432,\"height\":2560,\"caption\":\"savon huile d'argan\"},{\"@type\":\"BreadcrumbList\",\"@id\":\"https:\\\/\\\/arganoilsoap.ma\\\/ar\\\/product\\\/une-bar-de-savon-huile-dargan-100-bio\\\/#breadcrumb\",\"itemListElement\":[{\"@type\":\"ListItem\",\"position\":1,\"name\":\"Accueil\",\"item\":\"https:\\\/\\\/arganoilsoap.ma\\\/\"},{\"@type\":\"ListItem\",\"position\":2,\"name\":\"Boutique\",\"item\":\"https:\\\/\\\/arganoilsoap.ma\\\/ar\\\/boutique\\\/\"},{\"@type\":\"ListItem\",\"position\":3,\"name\":\"Bar de Savon Huile d&rsquo;Argan 100% Bio\"}]},{\"@type\":\"WebSite\",\"@id\":\"https:\\\/\\\/arganoilsoap.ma\\\/#website\",\"url\":\"https:\\\/\\\/arganoilsoap.ma\\\/\",\"name\":\"Argan Oil Soap\",\"description\":\"Cosmetique Huile D&#039;argan Pure\",\"publisher\":{\"@id\":\"https:\\\/\\\/arganoilsoap.ma\\\/#organization\"},\"potentialAction\":[{\"@type\":\"SearchAction\",\"target\":{\"@type\":\"EntryPoint\",\"urlTemplate\":\"https:\\\/\\\/arganoilsoap.ma\\\/?s={search_term_string}\"},\"query-input\":{\"@type\":\"PropertyValueSpecification\",\"valueRequired\":true,\"valueName\":\"search_term_string\"}}],\"inLanguage\":\"ary\"},{\"@type\":\"Organization\",\"@id\":\"https:\\\/\\\/arganoilsoap.ma\\\/#organization\",\"name\":\"Argan Oil Soap\",\"url\":\"https:\\\/\\\/arganoilsoap.ma\\\/\",\"logo\":{\"@type\":\"ImageObject\",\"inLanguage\":\"ary\",\"@id\":\"https:\\\/\\\/arganoilsoap.ma\\\/#\\\/schema\\\/logo\\\/image\\\/\",\"url\":\"https:\\\/\\\/arganoilsoap.ma\\\/wp-content\\\/uploads\\\/2020\\\/12\\\/cropped-small-logo.png\",\"contentUrl\":\"https:\\\/\\\/arganoilsoap.ma\\\/wp-content\\\/uploads\\\/2020\\\/12\\\/cropped-small-logo.png\",\"width\":512,\"height\":512,\"caption\":\"Argan Oil Soap\"},\"image\":{\"@id\":\"https:\\\/\\\/arganoilsoap.ma\\\/#\\\/schema\\\/logo\\\/image\\\/\"},\"sameAs\":[\"https:\\\/\\\/www.facebook.com\\\/arganoilsoapmorocco\",\"https:\\\/\\\/www.instagram.com\\\/arganoilsoap\\\/\"]}]}<\/script>\n<!-- \/ Yoast SEO plugin. -->","yoast_head_json":{"title":"Savon Huile d'Argan 100% Bio Fabrication Artisanale Savon a froid,","description":"Ce Savon \u00e0 base de huile d'argan peut \u00eatre utilis\u00e9 comme un savon hydratant, et un soin du visage nourrissant. Extr\u00eamement Riche en vitamine","robots":{"index":"index","follow":"follow","max-snippet":"max-snippet:-1","max-image-preview":"max-image-preview:large","max-video-preview":"max-video-preview:-1"},"canonical":"https:\/\/arganoilsoap.ma\/ar\/product\/une-bar-de-savon-huile-dargan-100-bio\/","og_locale":"ar_AR","og_type":"article","og_title":"Savon Huile d'Argan 100% Bio Fabrication Artisanale Savon a froid,","og_description":"Ce Savon \u00e0 base de huile d'argan peut \u00eatre utilis\u00e9 comme un savon hydratant, et un soin du visage nourrissant. Extr\u00eamement Riche en vitamine","og_url":"https:\/\/arganoilsoap.ma\/ar\/product\/une-bar-de-savon-huile-dargan-100-bio\/","og_site_name":"Argan Oil Soap","article_publisher":"https:\/\/www.facebook.com\/arganoilsoapmorocco","article_modified_time":"2021-03-06T16:28:26+00:00","og_image":[{"width":2432,"height":2560,"url":"https:\/\/arganoilsoap.ma\/wp-content\/uploads\/2021\/01\/Copie-de-soap-1-min-scaled.jpg","type":"image\/jpeg"}],"twitter_card":"summary_large_image","twitter_misc":{"Est. reading time":"2 minutes"},"schema":{"@context":"https:\/\/schema.org","@graph":[{"@type":"WebPage","@id":"https:\/\/arganoilsoap.ma\/ar\/product\/une-bar-de-savon-huile-dargan-100-bio\/","url":"https:\/\/arganoilsoap.ma\/ar\/product\/une-bar-de-savon-huile-dargan-100-bio\/","name":"Savon Huile d'Argan 100% Bio Fabrication Artisanale Savon a froid,","isPartOf":{"@id":"https:\/\/arganoilsoap.ma\/#website"},"primaryImageOfPage":{"@id":"https:\/\/arganoilsoap.ma\/ar\/product\/une-bar-de-savon-huile-dargan-100-bio\/#primaryimage"},"image":{"@id":"https:\/\/arganoilsoap.ma\/ar\/product\/une-bar-de-savon-huile-dargan-100-bio\/#primaryimage"},"thumbnailUrl":"https:\/\/arganoilsoap.ma\/wp-content\/uploads\/2021\/01\/Copie-de-soap-1-min-scaled.jpg","datePublished":"2021-01-26T10:31:27+00:00","dateModified":"2021-03-06T16:28:26+00:00","description":"Ce Savon \u00e0 base de huile d'argan peut \u00eatre utilis\u00e9 comme un savon hydratant, et un soin du visage nourrissant. Extr\u00eamement Riche en vitamine","breadcrumb":{"@id":"https:\/\/arganoilsoap.ma\/ar\/product\/une-bar-de-savon-huile-dargan-100-bio\/#breadcrumb"},"inLanguage":"ary","potentialAction":[{"@type":"ReadAction","target":["https:\/\/arganoilsoap.ma\/ar\/product\/une-bar-de-savon-huile-dargan-100-bio\/"]}]},{"@type":"ImageObject","inLanguage":"ary","@id":"https:\/\/arganoilsoap.ma\/ar\/product\/une-bar-de-savon-huile-dargan-100-bio\/#primaryimage","url":"https:\/\/arganoilsoap.ma\/wp-content\/uploads\/2021\/01\/Copie-de-soap-1-min-scaled.jpg","contentUrl":"https:\/\/arganoilsoap.ma\/wp-content\/uploads\/2021\/01\/Copie-de-soap-1-min-scaled.jpg","width":2432,"height":2560,"caption":"savon huile d'argan"},{"@type":"BreadcrumbList","@id":"https:\/\/arganoilsoap.ma\/ar\/product\/une-bar-de-savon-huile-dargan-100-bio\/#breadcrumb","itemListElement":[{"@type":"ListItem","position":1,"name":"Accueil","item":"https:\/\/arganoilsoap.ma\/"},{"@type":"ListItem","position":2,"name":"Boutique","item":"https:\/\/arganoilsoap.ma\/ar\/boutique\/"},{"@type":"ListItem","position":3,"name":"Bar de Savon Huile d&rsquo;Argan 100% Bio"}]},{"@type":"WebSite","@id":"https:\/\/arganoilsoap.ma\/#website","url":"https:\/\/arganoilsoap.ma\/","name":"Argan Oil Soap","description":"Cosmetique Huile D&#039;argan Pure","publisher":{"@id":"https:\/\/arganoilsoap.ma\/#organization"},"potentialAction":[{"@type":"SearchAction","target":{"@type":"EntryPoint","urlTemplate":"https:\/\/arganoilsoap.ma\/?s={search_term_string}"},"query-input":{"@type":"PropertyValueSpecification","valueRequired":true,"valueName":"search_term_string"}}],"inLanguage":"ary"},{"@type":"Organization","@id":"https:\/\/arganoilsoap.ma\/#organization","name":"Argan Oil Soap","url":"https:\/\/arganoilsoap.ma\/","logo":{"@type":"ImageObject","inLanguage":"ary","@id":"https:\/\/arganoilsoap.ma\/#\/schema\/logo\/image\/","url":"https:\/\/arganoilsoap.ma\/wp-content\/uploads\/2020\/12\/cropped-small-logo.png","contentUrl":"https:\/\/arganoilsoap.ma\/wp-content\/uploads\/2020\/12\/cropped-small-logo.png","width":512,"height":512,"caption":"Argan Oil Soap"},"image":{"@id":"https:\/\/arganoilsoap.ma\/#\/schema\/logo\/image\/"},"sameAs":["https:\/\/www.facebook.com\/arganoilsoapmorocco","https:\/\/www.instagram.com\/arganoilsoap\/"]}]}},"_links":{"self":[{"href":"https:\/\/arganoilsoap.ma\/ar\/wp-json\/wp\/v2\/product\/313","targetHints":{"allow":["GET"]}}],"collection":[{"href":"https:\/\/arganoilsoap.ma\/ar\/wp-json\/wp\/v2\/product"}],"about":[{"href":"https:\/\/arganoilsoap.ma\/ar\/wp-json\/wp\/v2\/types\/product"}],"replies":[{"embeddable":true,"href":"https:\/\/arganoilsoap.ma\/ar\/wp-json\/wp\/v2\/comments?post=313"}],"wp:featuredmedia":[{"embeddable":true,"href":"https:\/\/arganoilsoap.ma\/ar\/wp-json\/wp\/v2\/media\/314"}],"wp:attachment":[{"href":"https:\/\/arganoilsoap.ma\/ar\/wp-json\/wp\/v2\/media?parent=313"}],"wp:term":[{"taxonomy":"product_brand","embeddable":true,"href":"https:\/\/arganoilsoap.ma\/ar\/wp-json\/wp\/v2\/product_brand?post=313"},{"taxonomy":"product_cat","embeddable":true,"href":"https:\/\/arganoilsoap.ma\/ar\/wp-json\/wp\/v2\/product_cat?post=313"},{"taxonomy":"product_tag","embeddable":true,"href":"https:\/\/arganoilsoap.ma\/ar\/wp-json\/wp\/v2\/product_tag?post=313"}],"curies":[{"name":"wp","href":"https:\/\/api.w.org\/{rel}","templated":true}]}}